{"id":233,"date":"2025-11-04T11:37:21","date_gmt":"2025-11-04T11:37:21","guid":{"rendered":"https:\/\/maleo-am-lech.at\/?page_id=233"},"modified":"2025-12-02T08:00:14","modified_gmt":"2025-12-02T08:00:14","slug":"winter","status":"publish","type":"page","link":"https:\/\/maleo-am-lech.at\/index.php\/winter\/","title":{"rendered":"Winter"},"content":{"rendered":"<div class=\"wpb-content-wrapper\"><p>[vc_row css=&#8220;.vc_custom_1762264761854{margin-top: -40px !important;margin-right: 5px !important;margin-left: 5px !important;}&#8220;][vc_column width=&#8220;1\/4&#8243;][\/vc_column][vc_column width=&#8220;1\/2&#8243;][vc_row_inner content_placement=&#8220;middle&#8220; gap=&#8220;10&#8243;][vc_column_inner][vc_column_text css_animation=&#8220;bounceIn&#8220; css=&#8220;&#8220;]<img loading=\"lazy\" decoding=\"async\" class=\"aligncenter wp-image-181 size-medium\" src=\"http:\/\/maleo-am-lech.at\/wp-content\/uploads\/2025\/11\/Maleo_am_Lech_Schriftzug_Winter-300x114.png\" alt=\"\" width=\"300\" height=\"114\" srcset=\"https:\/\/maleo-am-lech.at\/wp-content\/uploads\/2025\/11\/Maleo_am_Lech_Schriftzug_Winter-300x114.png 300w, https:\/\/maleo-am-lech.at\/wp-content\/uploads\/2025\/11\/Maleo_am_Lech_Schriftzug_Winter.png 662w\" sizes=\"auto, (max-width: 300px) 100vw, 300px\" \/>[\/vc_column_text][vc_column_text css=&#8220;.vc_custom_1762857468474{margin-top: -20px !important;}&#8220;]<\/p>\n<p style=\"text-align: center;\"><span style=\"color: #64605e;\"><strong>Wenn das Lechtal in Wei\u00df erstrahlt,<\/strong><br \/>\n<strong>beginnt die sch\u00f6nste Zeit des Jahres.<\/strong><br \/>\nOb auf der Piste, beim Langlaufen \u2013 die Loipe startet nur 20 Meter vom Haus entfernt \u2013 oder beim Spaziergang im Schnee: Im Maleo am Lech genie\u00dfen Sie den Winter in seiner ganzen Ruhe.<\/span><\/p>\n<p>[\/vc_column_text][\/vc_column_inner][\/vc_row_inner][vc_empty_space][\/vc_column][vc_column width=&#8220;1\/4&#8243;][\/vc_column][\/vc_row][vc_row full_width=&#8220;stretch_row&#8220; css=&#8220;.vc_custom_1764662407677{background-color: #5E5B5A !important;background-position: center !important;background-repeat: no-repeat !important;background-size: cover !important;}&#8220;][vc_column width=&#8220;1\/6&#8243;][\/vc_column][vc_column width=&#8220;2\/3&#8243;][vc_empty_space][vc_row_inner content_placement=&#8220;middle&#8220; gap=&#8220;25&#8243; css=&#8220;.vc_custom_1762264768988{margin-right: 5px !important;margin-left: 5px !important;}&#8220;][vc_column_inner width=&#8220;1\/3&#8243;][vc_single_image image=&#8220;245&#8243; img_size=&#8220;full&#8220; style=&#8220;vc_box_shadow_circle_2&#8243; css=&#8220;&#8220;][\/vc_column_inner][vc_column_inner width=&#8220;2\/3&#8243;][vc_custom_heading text=&#8220;WINTERWANDERN&#8220; font_container=&#8220;tag:h3|text_align:left|color:%23E0DAD9&#8243; google_fonts=&#8220;font_family:Ubuntu%3A300%2C300italic%2Cregular%2Citalic%2C500%2C500italic%2C700%2C700italic|font_style:500%20bold%20regular%3A500%3Anormal&#8220; css=&#8220;&#8220;][vc_column_text css=&#8220;&#8220;]<\/p>\n<p style=\"text-align: left;\"><span style=\"color: #e0dad9;\">Auf rund 35 Winterwanderrouten k\u00f6nnen Sie rund 130 Kilometer erwandern, die zu den sch\u00f6nsten Destinationen der Naturparkregion f\u00fchren. An den Ufern des Lechs k\u00f6nnen sie neue Kraft sch\u00f6pfen und auf aussichtsreichen Panoramawegen die Region ganz nah erleben.\u00a0<\/span><\/p>\n<p>[\/vc_column_text][\/vc_column_inner][\/vc_row_inner][vc_empty_space][\/vc_column][vc_column width=&#8220;1\/6&#8243;][\/vc_column][\/vc_row][vc_row css=&#8220;.vc_custom_1762259655745{margin-bottom: -60px !important;background-image: url(http:\/\/maleo-am-lech.at\/wp-content\/uploads\/2025\/11\/Maleo_am_Lech_Winter_4.jpg?id=242) !important;background-position: center !important;background-repeat: no-repeat !important;background-size: cover !important;}&#8220;][vc_column width=&#8220;1\/6&#8243;][\/vc_column][vc_column width=&#8220;2\/3&#8243;][vc_empty_space height=&#8220;50&#8243;][vc_row_inner css=&#8220;.vc_custom_1762264782568{margin-right: 5px !important;margin-left: 5px !important;}&#8220;][vc_column_inner width=&#8220;1\/2&#8243;][\/vc_column_inner][vc_column_inner width=&#8220;1\/2&#8243;][vc_cta h2=&#8220;LECHTALER SKIGEBIETE&#8220; h2_font_container=&#8220;tag:h3|text_align:left|color:%23E0DAD9&#8243; h2_google_fonts=&#8220;font_family:Ubuntu%3A300%2C300italic%2Cregular%2Citalic%2C500%2C500italic%2C700%2C700italic|font_style:500%20bold%20regular%3A500%3Anormal&#8220; shape=&#8220;square&#8220; style=&#8220;custom&#8220; css=&#8220;.vc_custom_1764662297071{border-top-width: 1px !important;border-right-width: 1px !important;border-bottom-width: 1px !important;border-left-width: 1px !important;border-left-style: solid !important;border-right-style: solid !important;border-top-style: solid !important;border-bottom-style: solid !important;border-color: #005A5C !important;}&#8220; use_custom_fonts_h2=&#8220;true&#8220; custom_background=&#8220;#005A5C&#8220; custom_text=&#8220;#E0DAD9&#8243;]<span style=\"color: #e0dad9;\">Die Lechtaler Skigebiete und Skilifte sind besonders gut f\u00fcr Anf\u00e4nger und Familien geeignet. Mit der J\u00f6chelspitzbahn in Bach sowie 5 kleineren Schleppliften und \u00dcbungsliften stehen ihnen rund 14 Pistenkilometer zur Verf\u00fcgung.<\/span>[\/vc_cta][\/vc_column_inner][\/vc_row_inner][vc_empty_space height=&#8220;50&#8243;][\/vc_column][vc_column width=&#8220;1\/6&#8243;][\/vc_column][\/vc_row][vc_row full_width=&#8220;stretch_row&#8220; css=&#8220;.vc_custom_1762264775873{margin-right: 5px !important;margin-left: 5px !important;background-color: #E0DAD900 !important;}&#8220;][vc_column width=&#8220;1\/6&#8243;][\/vc_column][vc_column width=&#8220;2\/3&#8243;][vc_empty_space][vc_row_inner gap=&#8220;15&#8243;][vc_column_inner width=&#8220;1\/3&#8243;][vc_single_image image=&#8220;244&#8243; img_size=&#8220;full&#8220; style=&#8220;vc_box_shadow&#8220; css=&#8220;&#8220;][vc_custom_heading text=&#8220;LANGLAUFEN&#8220; font_container=&#8220;tag:h3|text_align:left|color:%2300868A&#8220; google_fonts=&#8220;font_family:Ubuntu%3A300%2C300italic%2Cregular%2Citalic%2C500%2C500italic%2C700%2C700italic|font_style:500%20bold%20regular%3A500%3Anormal&#8220; css=&#8220;&#8220;][vc_column_text css=&#8220;&#8220;]<\/p>\n<p style=\"text-align: left;\"><span style=\"color: #64605e;\">Nicht steil bergab, sondern 190 km geradeaus. Mit den Langlaufskiern \u00fcber sanfte Landschaften fahren und dabei die beeindruckende Bergwelt bewundern. Die Loipe startet nur 20 m vom Haus entfernt.<\/span><\/p>\n<p>[\/vc_column_text][\/vc_column_inner][vc_column_inner width=&#8220;1\/3&#8243;][vc_single_image image=&#8220;243&#8243; img_size=&#8220;full&#8220; style=&#8220;vc_box_shadow&#8220; css=&#8220;&#8220;][vc_custom_heading text=&#8220;SKITOUREN&#8220; font_container=&#8220;tag:h3|text_align:left|color:%2300868A&#8220; google_fonts=&#8220;font_family:Ubuntu%3A300%2C300italic%2Cregular%2Citalic%2C500%2C500italic%2C700%2C700italic|font_style:500%20bold%20regular%3A500%3Anormal&#8220; css=&#8220;&#8220;][vc_column_text css=&#8220;&#8220;]<\/p>\n<p style=\"text-align: left;\"><span style=\"color: #64605e;\">Mit weiten, unber\u00fchrten H\u00e4ngen und verschneiten W\u00e4ldern gilt das Tiroler Lechtal zwischen Lechtaler und Allg\u00e4uer Alpen als Paradies f\u00fcr Skitourengeher fernab vom klassischen Skitourismus.<\/span><\/p>\n<p>[\/vc_column_text][\/vc_column_inner][vc_column_inner width=&#8220;1\/3&#8243;][vc_single_image image=&#8220;241&#8243; img_size=&#8220;full&#8220; style=&#8220;vc_box_shadow&#8220; css=&#8220;&#8220;][vc_custom_heading text=&#8220;RODELN&#8220; font_container=&#8220;tag:h3|text_align:left|color:%2300868A&#8220; google_fonts=&#8220;font_family:Ubuntu%3A300%2C300italic%2Cregular%2Citalic%2C500%2C500italic%2C700%2C700italic|font_style:500%20bold%20regular%3A500%3Anormal&#8220; css=&#8220;&#8220;][vc_column_text css=&#8220;&#8220;]<\/p>\n<p style=\"text-align: left;\"><span style=\"color: #64605e;\">Eine Fahrt mit dem Rodel, runter ins Tal macht Spa\u00df und ist eine riesige Gaudi f\u00fcr Jung und Alt. Die Naturparkregion kann mit zahlreichen Rodelbahnen dienen. Die Strecken sind weitgehend familientauglich und teilweise auch am Abend beleuchtet.<\/span><\/p>\n<p>[\/vc_column_text][\/vc_column_inner][\/vc_row_inner][vc_empty_space][\/vc_column][vc_column width=&#8220;1\/6&#8243;][\/vc_column][\/vc_row]<\/p>\n<\/div>","protected":false},"excerpt":{"rendered":"<p>[vc_row css=&#8220;.vc_custom_1762264761854{margin-top: -40px !important;margin-right: 5px !important;margin-left: 5px !important;}&#8220;][vc_column width=&#8220;1\/4&#8243;][\/vc_column][vc_column width=&#8220;1\/2&#8243;][vc_row_inner content_placement=&#8220;middle&#8220; gap=&#8220;10&#8243;][vc_column_inner][vc_column_text css_animation=&#8220;bounceIn&#8220; css=&#8220;&#8220;][\/vc_column_text][vc_column_text css=&#8220;.vc_custom_1762857468474{margin-top: -20px !important;}&#8220;] Wenn das Lechtal in Wei\u00df erstrahlt, beginnt die sch\u00f6nste Zeit des Jahres. Ob auf der Piste, beim Langlaufen \u2013 die Loipe startet nur 20 Meter vom Haus entfernt \u2013 oder beim Spaziergang im [&hellip;]<\/p>\n","protected":false},"author":3,"featured_media":0,"parent":0,"menu_order":0,"comment_status":"closed","ping_status":"closed","template":"page-templates\/full-width-builder-bb.php","meta":{"footnotes":""},"class_list":["post-233","page","type-page","status-publish","hentry"],"_links":{"self":[{"href":"https:\/\/maleo-am-lech.at\/index.php\/wp-json\/wp\/v2\/pages\/233","targetHints":{"allow":["GET"]}}],"collection":[{"href":"https:\/\/maleo-am-lech.at\/index.php\/wp-json\/wp\/v2\/pages"}],"about":[{"href":"https:\/\/maleo-am-lech.at\/index.php\/wp-json\/wp\/v2\/types\/page"}],"author":[{"embeddable":true,"href":"https:\/\/maleo-am-lech.at\/index.php\/wp-json\/wp\/v2\/users\/3"}],"replies":[{"embeddable":true,"href":"https:\/\/maleo-am-lech.at\/index.php\/wp-json\/wp\/v2\/comments?post=233"}],"version-history":[{"count":14,"href":"https:\/\/maleo-am-lech.at\/index.php\/wp-json\/wp\/v2\/pages\/233\/revisions"}],"predecessor-version":[{"id":387,"href":"https:\/\/maleo-am-lech.at\/index.php\/wp-json\/wp\/v2\/pages\/233\/revisions\/387"}],"wp:attachment":[{"href":"https:\/\/maleo-am-lech.at\/index.php\/wp-json\/wp\/v2\/media?parent=233"}],"curies":[{"name":"wp","href":"https:\/\/api.w.org\/{rel}","templated":true}]}}